{"id":113,"date":"2026-03-12T11:38:32","date_gmt":"2026-03-12T11:38:32","guid":{"rendered":"https:\/\/foxy-box.hamakmarketingnumerique.com\/?page_id=113"},"modified":"2026-05-11T10:19:00","modified_gmt":"2026-05-11T10:19:00","slug":"rosemere","status":"publish","type":"page","link":"https:\/\/foxyboxqc.ca\/en\/rosemere\/","title":{"rendered":"Rosem\u00e8re &#8211; G\u00e9n\u00e9rique"},"content":{"rendered":"","protected":false},"excerpt":{"rendered":"","protected":false},"author":2,"featured_media":0,"parent":0,"menu_order":0,"comment_status":"closed","ping_status":"closed","template":"templates\/tpl-landing-service.php","meta":{"_acf_changed":false,"footnotes":""},"class_list":["post-113","page","type-page","status-publish","hentry"],"acf":[],"yoast_head":"<!-- This site is optimized with the Yoast SEO plugin v27.3 - https:\/\/yoast.com\/product\/yoast-seo-wordpress\/ -->\n<title>Rosem\u00e8re - G\u00e9n\u00e9rique - Foxy Box<\/title>\n<meta name=\"robots\" content=\"index, follow, max-snippet:-1, max-image-preview:large, max-video-preview:-1\" \/>\n<link rel=\"canonical\" href=\"https:\/\/foxyboxqc.ca\/en\/rosemere\/\" \/>\n<meta property=\"og:locale\" content=\"en_US\" \/>\n<meta property=\"og:type\" content=\"article\" \/>\n<meta property=\"og:title\" content=\"Rosem\u00e8re - G\u00e9n\u00e9rique - Foxy Box\" \/>\n<meta property=\"og:url\" content=\"https:\/\/foxyboxqc.ca\/en\/rosemere\/\" \/>\n<meta property=\"og:site_name\" content=\"Foxy Box\" \/>\n<meta property=\"article:modified_time\" content=\"2026-05-11T10:19:00+00:00\" \/>\n<meta name=\"twitter:card\" content=\"summary_large_image\" \/>\n<script type=\"application\/ld+json\" class=\"yoast-schema-graph\">{\"@context\":\"https:\\\/\\\/schema.org\",\"@graph\":[{\"@type\":\"WebPage\",\"@id\":\"https:\\\/\\\/foxyboxqc.ca\\\/en\\\/rosemere\\\/\",\"url\":\"https:\\\/\\\/foxyboxqc.ca\\\/en\\\/rosemere\\\/\",\"name\":\"Rosem\u00e8re - G\u00e9n\u00e9rique - Foxy Box\",\"isPartOf\":{\"@id\":\"https:\\\/\\\/foxyboxqc.ca\\\/en\\\/#website\"},\"datePublished\":\"2026-03-12T11:38:32+00:00\",\"dateModified\":\"2026-05-11T10:19:00+00:00\",\"breadcrumb\":{\"@id\":\"https:\\\/\\\/foxyboxqc.ca\\\/en\\\/rosemere\\\/#breadcrumb\"},\"inLanguage\":\"en-US\",\"potentialAction\":[{\"@type\":\"ReadAction\",\"target\":[\"https:\\\/\\\/foxyboxqc.ca\\\/en\\\/rosemere\\\/\"]}]},{\"@type\":\"BreadcrumbList\",\"@id\":\"https:\\\/\\\/foxyboxqc.ca\\\/en\\\/rosemere\\\/#breadcrumb\",\"itemListElement\":[{\"@type\":\"ListItem\",\"position\":1,\"name\":\"Home\",\"item\":\"https:\\\/\\\/foxyboxqc.ca\\\/en\\\/\"},{\"@type\":\"ListItem\",\"position\":2,\"name\":\"Rosem\u00e8re &#8211; G\u00e9n\u00e9rique\"}]},{\"@type\":\"WebSite\",\"@id\":\"https:\\\/\\\/foxyboxqc.ca\\\/en\\\/#website\",\"url\":\"https:\\\/\\\/foxyboxqc.ca\\\/en\\\/\",\"name\":\"Foxy Box\",\"description\":\"M\u00e9dispa et \u00e9pilation \u00e0 Griffintown\",\"potentialAction\":[{\"@type\":\"SearchAction\",\"target\":{\"@type\":\"EntryPoint\",\"urlTemplate\":\"https:\\\/\\\/foxyboxqc.ca\\\/en\\\/?s={search_term_string}\"},\"query-input\":{\"@type\":\"PropertyValueSpecification\",\"valueRequired\":true,\"valueName\":\"search_term_string\"}}],\"inLanguage\":\"en-US\"}]}<\/script>\n<!-- \/ Yoast SEO plugin. -->","yoast_head_json":{"title":"Rosem\u00e8re - G\u00e9n\u00e9rique - Foxy Box","robots":{"index":"index","follow":"follow","max-snippet":"max-snippet:-1","max-image-preview":"max-image-preview:large","max-video-preview":"max-video-preview:-1"},"canonical":"https:\/\/foxyboxqc.ca\/en\/rosemere\/","og_locale":"en_US","og_type":"article","og_title":"Rosem\u00e8re - G\u00e9n\u00e9rique - Foxy Box","og_url":"https:\/\/foxyboxqc.ca\/en\/rosemere\/","og_site_name":"Foxy Box","article_modified_time":"2026-05-11T10:19:00+00:00","twitter_card":"summary_large_image","schema":{"@context":"https:\/\/schema.org","@graph":[{"@type":"WebPage","@id":"https:\/\/foxyboxqc.ca\/en\/rosemere\/","url":"https:\/\/foxyboxqc.ca\/en\/rosemere\/","name":"Rosem\u00e8re - G\u00e9n\u00e9rique - Foxy Box","isPartOf":{"@id":"https:\/\/foxyboxqc.ca\/en\/#website"},"datePublished":"2026-03-12T11:38:32+00:00","dateModified":"2026-05-11T10:19:00+00:00","breadcrumb":{"@id":"https:\/\/foxyboxqc.ca\/en\/rosemere\/#breadcrumb"},"inLanguage":"en-US","potentialAction":[{"@type":"ReadAction","target":["https:\/\/foxyboxqc.ca\/en\/rosemere\/"]}]},{"@type":"BreadcrumbList","@id":"https:\/\/foxyboxqc.ca\/en\/rosemere\/#breadcrumb","itemListElement":[{"@type":"ListItem","position":1,"name":"Home","item":"https:\/\/foxyboxqc.ca\/en\/"},{"@type":"ListItem","position":2,"name":"Rosem\u00e8re &#8211; G\u00e9n\u00e9rique"}]},{"@type":"WebSite","@id":"https:\/\/foxyboxqc.ca\/en\/#website","url":"https:\/\/foxyboxqc.ca\/en\/","name":"Foxy Box","description":"M\u00e9dispa et \u00e9pilation \u00e0 Griffintown","potentialAction":[{"@type":"SearchAction","target":{"@type":"EntryPoint","urlTemplate":"https:\/\/foxyboxqc.ca\/en\/?s={search_term_string}"},"query-input":{"@type":"PropertyValueSpecification","valueRequired":true,"valueName":"search_term_string"}}],"inLanguage":"en-US"}]}},"_links":{"self":[{"href":"https:\/\/foxyboxqc.ca\/en\/wp-json\/wp\/v2\/pages\/113","targetHints":{"allow":["GET"]}}],"collection":[{"href":"https:\/\/foxyboxqc.ca\/en\/wp-json\/wp\/v2\/pages"}],"about":[{"href":"https:\/\/foxyboxqc.ca\/en\/wp-json\/wp\/v2\/types\/page"}],"author":[{"embeddable":true,"href":"https:\/\/foxyboxqc.ca\/en\/wp-json\/wp\/v2\/users\/2"}],"replies":[{"embeddable":true,"href":"https:\/\/foxyboxqc.ca\/en\/wp-json\/wp\/v2\/comments?post=113"}],"version-history":[{"count":26,"href":"https:\/\/foxyboxqc.ca\/en\/wp-json\/wp\/v2\/pages\/113\/revisions"}],"predecessor-version":[{"id":735,"href":"https:\/\/foxyboxqc.ca\/en\/wp-json\/wp\/v2\/pages\/113\/revisions\/735"}],"wp:attachment":[{"href":"https:\/\/foxyboxqc.ca\/en\/wp-json\/wp\/v2\/media?parent=113"}],"curies":[{"name":"wp","href":"https:\/\/api.w.org\/{rel}","templated":true}]}}