{"id":97,"date":"2026-03-12T11:09:58","date_gmt":"2026-03-12T11:09:58","guid":{"rendered":"https:\/\/foxy-box.hamakmarketingnumerique.com\/?page_id=97"},"modified":"2026-04-09T10:07:17","modified_gmt":"2026-04-09T10:07:17","slug":"rosemere-laser","status":"publish","type":"page","link":"https:\/\/foxyboxqc.ca\/en\/rosemere-laser\/","title":{"rendered":"Rosem\u00e8re &#8211; Laser"},"content":{"rendered":"","protected":false},"excerpt":{"rendered":"","protected":false},"author":2,"featured_media":0,"parent":0,"menu_order":0,"comment_status":"closed","ping_status":"closed","template":"templates\/tpl-landing-service.php","meta":{"_acf_changed":false,"footnotes":""},"class_list":["post-97","page","type-page","status-publish","hentry"],"acf":[],"yoast_head":"<!-- This site is optimized with the Yoast SEO plugin v27.3 - https:\/\/yoast.com\/product\/yoast-seo-wordpress\/ -->\n<title>Rosem\u00e8re - Laser - Foxy Box<\/title>\n<meta name=\"robots\" content=\"index, follow, max-snippet:-1, max-image-preview:large, max-video-preview:-1\" \/>\n<link rel=\"canonical\" href=\"https:\/\/foxyboxqc.ca\/en\/rosemere-laser\/\" \/>\n<meta property=\"og:locale\" content=\"en_US\" \/>\n<meta property=\"og:type\" content=\"article\" \/>\n<meta property=\"og:title\" content=\"Rosem\u00e8re - Laser - Foxy Box\" \/>\n<meta property=\"og:url\" content=\"https:\/\/foxyboxqc.ca\/en\/rosemere-laser\/\" \/>\n<meta property=\"og:site_name\" content=\"Foxy Box\" \/>\n<meta property=\"article:modified_time\" content=\"2026-04-09T10:07:17+00:00\" \/>\n<meta name=\"twitter:card\" content=\"summary_large_image\" \/>\n<script type=\"application\/ld+json\" class=\"yoast-schema-graph\">{\"@context\":\"https:\\\/\\\/schema.org\",\"@graph\":[{\"@type\":\"WebPage\",\"@id\":\"https:\\\/\\\/foxyboxqc.ca\\\/en\\\/rosemere-laser\\\/\",\"url\":\"https:\\\/\\\/foxyboxqc.ca\\\/en\\\/rosemere-laser\\\/\",\"name\":\"Rosem\u00e8re - Laser - Foxy Box\",\"isPartOf\":{\"@id\":\"https:\\\/\\\/foxyboxqc.ca\\\/en\\\/#website\"},\"datePublished\":\"2026-03-12T11:09:58+00:00\",\"dateModified\":\"2026-04-09T10:07:17+00:00\",\"breadcrumb\":{\"@id\":\"https:\\\/\\\/foxyboxqc.ca\\\/en\\\/rosemere-laser\\\/#breadcrumb\"},\"inLanguage\":\"en-US\",\"potentialAction\":[{\"@type\":\"ReadAction\",\"target\":[\"https:\\\/\\\/foxyboxqc.ca\\\/en\\\/rosemere-laser\\\/\"]}]},{\"@type\":\"BreadcrumbList\",\"@id\":\"https:\\\/\\\/foxyboxqc.ca\\\/en\\\/rosemere-laser\\\/#breadcrumb\",\"itemListElement\":[{\"@type\":\"ListItem\",\"position\":1,\"name\":\"Home\",\"item\":\"https:\\\/\\\/foxyboxqc.ca\\\/en\\\/\"},{\"@type\":\"ListItem\",\"position\":2,\"name\":\"Rosem\u00e8re &#8211; Laser\"}]},{\"@type\":\"WebSite\",\"@id\":\"https:\\\/\\\/foxyboxqc.ca\\\/en\\\/#website\",\"url\":\"https:\\\/\\\/foxyboxqc.ca\\\/en\\\/\",\"name\":\"Foxy Box\",\"description\":\"M\u00e9dispa et \u00e9pilation \u00e0 Griffintown\",\"potentialAction\":[{\"@type\":\"SearchAction\",\"target\":{\"@type\":\"EntryPoint\",\"urlTemplate\":\"https:\\\/\\\/foxyboxqc.ca\\\/en\\\/?s={search_term_string}\"},\"query-input\":{\"@type\":\"PropertyValueSpecification\",\"valueRequired\":true,\"valueName\":\"search_term_string\"}}],\"inLanguage\":\"en-US\"}]}<\/script>\n<!-- \/ Yoast SEO plugin. -->","yoast_head_json":{"title":"Rosem\u00e8re - Laser - Foxy Box","robots":{"index":"index","follow":"follow","max-snippet":"max-snippet:-1","max-image-preview":"max-image-preview:large","max-video-preview":"max-video-preview:-1"},"canonical":"https:\/\/foxyboxqc.ca\/en\/rosemere-laser\/","og_locale":"en_US","og_type":"article","og_title":"Rosem\u00e8re - Laser - Foxy Box","og_url":"https:\/\/foxyboxqc.ca\/en\/rosemere-laser\/","og_site_name":"Foxy Box","article_modified_time":"2026-04-09T10:07:17+00:00","twitter_card":"summary_large_image","schema":{"@context":"https:\/\/schema.org","@graph":[{"@type":"WebPage","@id":"https:\/\/foxyboxqc.ca\/en\/rosemere-laser\/","url":"https:\/\/foxyboxqc.ca\/en\/rosemere-laser\/","name":"Rosem\u00e8re - Laser - Foxy Box","isPartOf":{"@id":"https:\/\/foxyboxqc.ca\/en\/#website"},"datePublished":"2026-03-12T11:09:58+00:00","dateModified":"2026-04-09T10:07:17+00:00","breadcrumb":{"@id":"https:\/\/foxyboxqc.ca\/en\/rosemere-laser\/#breadcrumb"},"inLanguage":"en-US","potentialAction":[{"@type":"ReadAction","target":["https:\/\/foxyboxqc.ca\/en\/rosemere-laser\/"]}]},{"@type":"BreadcrumbList","@id":"https:\/\/foxyboxqc.ca\/en\/rosemere-laser\/#breadcrumb","itemListElement":[{"@type":"ListItem","position":1,"name":"Home","item":"https:\/\/foxyboxqc.ca\/en\/"},{"@type":"ListItem","position":2,"name":"Rosem\u00e8re &#8211; Laser"}]},{"@type":"WebSite","@id":"https:\/\/foxyboxqc.ca\/en\/#website","url":"https:\/\/foxyboxqc.ca\/en\/","name":"Foxy Box","description":"M\u00e9dispa et \u00e9pilation \u00e0 Griffintown","potentialAction":[{"@type":"SearchAction","target":{"@type":"EntryPoint","urlTemplate":"https:\/\/foxyboxqc.ca\/en\/?s={search_term_string}"},"query-input":{"@type":"PropertyValueSpecification","valueRequired":true,"valueName":"search_term_string"}}],"inLanguage":"en-US"}]}},"_links":{"self":[{"href":"https:\/\/foxyboxqc.ca\/en\/wp-json\/wp\/v2\/pages\/97","targetHints":{"allow":["GET"]}}],"collection":[{"href":"https:\/\/foxyboxqc.ca\/en\/wp-json\/wp\/v2\/pages"}],"about":[{"href":"https:\/\/foxyboxqc.ca\/en\/wp-json\/wp\/v2\/types\/page"}],"author":[{"embeddable":true,"href":"https:\/\/foxyboxqc.ca\/en\/wp-json\/wp\/v2\/users\/2"}],"replies":[{"embeddable":true,"href":"https:\/\/foxyboxqc.ca\/en\/wp-json\/wp\/v2\/comments?post=97"}],"version-history":[{"count":25,"href":"https:\/\/foxyboxqc.ca\/en\/wp-json\/wp\/v2\/pages\/97\/revisions"}],"predecessor-version":[{"id":702,"href":"https:\/\/foxyboxqc.ca\/en\/wp-json\/wp\/v2\/pages\/97\/revisions\/702"}],"wp:attachment":[{"href":"https:\/\/foxyboxqc.ca\/en\/wp-json\/wp\/v2\/media?parent=97"}],"curies":[{"name":"wp","href":"https:\/\/api.w.org\/{rel}","templated":true}]}}